{"id":588,"date":"2018-05-16T13:04:01","date_gmt":"2018-05-16T13:04:01","guid":{"rendered":"https:\/\/matchthemes.com\/demowp\/caverta\/?page_id=588"},"modified":"2018-11-15T09:20:34","modified_gmt":"2018-11-15T09:20:34","slug":"home","status":"publish","type":"page","link":"https:\/\/www.lamasiadelaxesca.com\/","title":{"rendered":"Home"},"content":{"rendered":"<p><img loading=\"lazy\" decoding=\"async\" width=\"1024\" height=\"683\" src=\"https:\/\/www.lamasiadelaxesca.com\/wp-content\/uploads\/2018\/07\/Foto1_7297.jpg\" alt=\"\" srcset=\"https:\/\/www.lamasiadelaxesca.com\/wp-content\/uploads\/2018\/07\/Foto1_7297.jpg 1024w, https:\/\/www.lamasiadelaxesca.com\/wp-content\/uploads\/2018\/07\/Foto1_7297-300x200.jpg 300w, https:\/\/www.lamasiadelaxesca.com\/wp-content\/uploads\/2018\/07\/Foto1_7297-768x512.jpg 768w\" sizes=\"auto, (max-width: 1024px) 100vw, 1024px\" \/><br \/>\n\t\tBenvinguts<\/p>\n<h2>La Masia de la Xesca<\/h2>\n<p>Portem anys donant de menjar cuina tradicional als nostres clients en el centre de Badalona. Celebrem tot tipus d\u2019esdeveniments en els nostres salons, per a la fam\u00edlia, amics i negoci.<br \/>Gaudeix del menjar i d&#8217;una estona agradable amb nosaltres.<br \/>Vine al nostre restaurant i ser\u00e0s tractat com un amic, no com un client.<\/p>\n<p><a href=\"\/index.php\/com-arribar\/\">Com arribar<\/a><\/p>\n<p>\t\t\t\t\t\t\t\t\t\t<img loading=\"lazy\" decoding=\"async\" width=\"1280\" height=\"854\" src=\"https:\/\/www.lamasiadelaxesca.com\/wp-content\/uploads\/2018\/10\/XESCA-8.jpg\" alt=\"\" srcset=\"https:\/\/www.lamasiadelaxesca.com\/wp-content\/uploads\/2018\/10\/XESCA-8.jpg 1280w, https:\/\/www.lamasiadelaxesca.com\/wp-content\/uploads\/2018\/10\/XESCA-8-300x200.jpg 300w, https:\/\/www.lamasiadelaxesca.com\/wp-content\/uploads\/2018\/10\/XESCA-8-768x512.jpg 768w, https:\/\/www.lamasiadelaxesca.com\/wp-content\/uploads\/2018\/10\/XESCA-8-1024x683.jpg 1024w\" sizes=\"auto, (max-width: 1280px) 100vw, 1280px\" \/><br \/>\n\t\tUna masia al centre de badalona\t\t<\/p>\n<h2>Sabors tradicionals amb productes de primera qualitat<\/h2>\n<p>\t\tCARTA<\/p>\n<h2>Plats destacats<\/h2>\n<p>\t\t\t\t\t\t\t\t\tAmanides i sopes<br \/>\n\t\t\t\t\t\t\t\t\tEntrants i pastes<br \/>\n\t\t\t\t\t\t\t\t\tNostra brasa<br \/>\n\t\t\t\t\t\t\t\t\tNostre peix<br \/>\n\t\t\t\t\t\t\t\t\tAmanides i sopes<\/p>\n<ul>\n<li>\n<h4>Graellada de verduras amb romesco <br \/><\/h4>\n<p>Parrillada de verduras con romesco<\/li>\n<li>\n<h4>Amanida de bacall\u00e0, llagostins i esp\u00e0rrecs\u00a0<br \/><\/h4>\n<p>Ensalada de bacalao, langostinos y esp\u00e1rragos<\/li>\n<li>\n<h4>Sopa de peix<br \/><\/h4>\n<p>Sopa de pescado<\/li>\n<li>\n<h4>Risotto d&#8217;arr\u00f3s negre amb gambes i calamar\u00e7ets\u00a0<br \/><\/h4>\n<p>Risotto de arroz negro con gambas y calamarcitos<\/li>\n<li>\n<h4>Arr\u00f2s cald\u00f3s amb llam\u00e0ntol\u00a0<br \/><\/h4>\n<p>Arroz caldoso con Bogavante (min. 2 pers &#8211; preu per persona)<\/li>\n<li>\n<h4>Paella mixta\u00a0<br \/><\/h4>\n<p>Paella mixta<\/li>\n<\/ul>\n<p>\t\t\t\t\t\t\t\t\tEntrants i pastes<\/p>\n<ul>\n<li>\n<h4>Assortit de pat\u00e9s\u00a0<br \/><\/h4>\n<p>Surtido de pat\u00e9s<\/li>\n<li>\n<h4>Assortit d&#8217;ib\u00e8rics\u00a0<br \/><\/h4>\n<p>Surtido de ib\u00e9ricos<\/li>\n<li>\n<h4>Torrada de pernil de guijuelo\u00a0<br \/><\/h4>\n<p>Tostada con jam\u00f3n de guijuelo<\/li>\n<li>\n<h4>Canelons cassolans\u00a0<br \/><\/h4>\n<p>Canelones caseros<\/li>\n<li>\n<h4>Spaguettis &#8220;matrichiana&#8221;<\/h4>\n<p>Sofrito de tomate, bacon y or\u00e9gano<\/li>\n<li>\n<h4>Macarrons gratinats\u00a0<br \/><\/h4>\n<p>Macarrones gratinados<\/li>\n<\/ul>\n<p>\t\t\t\t\t\t\t\t\tNostra brasa<\/p>\n<ul>\n<li>\n<h4>Conill a la brasa\u00a0<br \/><\/h4>\n<p>Conejo a la brasa<\/li>\n<li>\n<h4>Secret ib\u00e8ric a la brasa amb &#8220;papas a lo pobre&#8221;\u00a0<br \/><\/h4>\n<p>Secreto ib\u00e9rico con patatas a lo pobre<\/li>\n<li>\n<h4>Filet de Vedella\u00a0<br \/><\/h4>\n<p>Solomillo de ternera<\/li>\n<li>\n<h4>Entrecot al roquefort o pebre verd\u00a0<br \/><\/h4>\n<p>Entrecot al roquefort o pimienta verde<\/li>\n<li>\n<h4>Cabrit arrebossat\u00a0<br \/><\/h4>\n<p>Cabrito rebozado<\/li>\n<li>\n<h4>Entrecot de Nebraska (black angus)\u00a0<br \/><\/h4>\n<p>Entrecot de Nebraska<\/li>\n<\/ul>\n<p>\t\t\t\t\t\t\t\t\tNostre peix<\/p>\n<ul>\n<li>\n<h4>Rap a la planxa <br \/><\/h4>\n<p>Rape a la plancha<\/li>\n<li>\n<h4>Rap al suquet de pescadors\u00a0<br \/><\/h4>\n<p>Rape en salsa de pescadores<\/li>\n<li>\n<h4>Rap a la &#8220;Xesca&#8221; amb llagostins, suquet i all i oli\u00a0<br \/><\/h4>\n<p>Rape al horno con langostinos, marinera y all i oli<\/li>\n<li>\n<h4>Bacall\u00e1 al all i oli\u00a0<br \/><\/h4>\n<p>Bacalao al all i oli<\/li>\n<li>\n<h4>Bacall\u00e1 a la llauna\u00a0<br \/><\/h4>\n<p>Bacalao a la llauna<\/li>\n<li>\n<h4>Sipia a la planxa\u00a0<br \/><\/h4>\n<p>Sepia a la plancha<\/li>\n<\/ul>\n<p>\t\t<a href=\"\/index.php\/carta\/\">Veure m\u00e9s plats<\/a><\/p>\n<p>\u00a0<\/p>\n<p>Men\u00fas especials\t\t<\/p>\n<h2>Men\u00fas per a grups i empreses<\/h2>\n<p><a href=\"\/index.php\/carta\/\">Veure men\u00fas<\/a><\/p>\n<p>Salons per celebracions<\/p>\n<h2>Salons Privats<\/h2>\n<p>La Masia de la Xesca disposa d&#8217;amplis salons privats perqu\u00e8 vost\u00e8 pugui gaudir de la intimitat de les seves celebracions amb els seus acompanyants.<\/p>\n<p>Pot disposar d&#8217;ells per celebracions amb la fam\u00edlia, menjars amb els amics, reunions de treball, sopars d&#8217;empresa,&#8230; i tot tipus d&#8217;esdeveniments.<\/p>\n<p><a href=\"\/index.php\/salons\/\">Llegir m\u00e9s<\/a><\/p>\n<p>\t\t\t\t\t\t\t\t\t\t<img loading=\"lazy\" decoding=\"async\" width=\"1280\" height=\"854\" src=\"https:\/\/www.lamasiadelaxesca.com\/wp-content\/uploads\/2018\/10\/XESCA-8-1.jpg\" alt=\"\" srcset=\"https:\/\/www.lamasiadelaxesca.com\/wp-content\/uploads\/2018\/10\/XESCA-8-1.jpg 1280w, https:\/\/www.lamasiadelaxesca.com\/wp-content\/uploads\/2018\/10\/XESCA-8-1-300x200.jpg 300w, https:\/\/www.lamasiadelaxesca.com\/wp-content\/uploads\/2018\/10\/XESCA-8-1-768x512.jpg 768w, https:\/\/www.lamasiadelaxesca.com\/wp-content\/uploads\/2018\/10\/XESCA-8-1-1024x683.jpg 1024w\" sizes=\"auto, (max-width: 1280px) 100vw, 1280px\" \/><br \/>\n\t\t\t\t\t\t\t\t\t\t<img loading=\"lazy\" decoding=\"async\" width=\"1280\" height=\"854\" src=\"https:\/\/www.lamasiadelaxesca.com\/wp-content\/uploads\/2018\/10\/XESCA-11.jpg\" alt=\"\" srcset=\"https:\/\/www.lamasiadelaxesca.com\/wp-content\/uploads\/2018\/10\/XESCA-11.jpg 1280w, https:\/\/www.lamasiadelaxesca.com\/wp-content\/uploads\/2018\/10\/XESCA-11-300x200.jpg 300w, https:\/\/www.lamasiadelaxesca.com\/wp-content\/uploads\/2018\/10\/XESCA-11-768x512.jpg 768w, https:\/\/www.lamasiadelaxesca.com\/wp-content\/uploads\/2018\/10\/XESCA-11-1024x683.jpg 1024w\" sizes=\"auto, (max-width: 1280px) 100vw, 1280px\" \/><br \/>\n\t\tZona per a nens\t\t<\/p>\n<h2>Gaudeix del teu menjar tranquil mentre els nens juguen<\/h2>\n<p>\t\tContacte<\/p>\n<h2>Demanar informaci\u00f3<\/h2>\n<div role=\"form\" class=\"wpcf7\" id=\"wpcf7-f407-o1\" lang=\"en-US\" dir=\"ltr\">\n<div class=\"screen-reader-response\"><\/div>\n<form action=\"\/index.php\/wp-json\/wp\/v2\/pages\/588#wpcf7-f407-o1\" method=\"post\" class=\"wpcf7-form\" novalidate=\"novalidate\">\n<div style=\"display: none;\">\n<input type=\"hidden\" name=\"_wpcf7\" value=\"407\" \/>\n<input type=\"hidden\" name=\"_wpcf7_version\" value=\"5.0.2\" \/>\n<input type=\"hidden\" name=\"_wpcf7_locale\" value=\"en_US\" \/>\n<input type=\"hidden\" name=\"_wpcf7_unit_tag\" value=\"wpcf7-f407-o1\" \/>\n<input type=\"hidden\" name=\"_wpcf7_container_post\" value=\"0\" \/>\n<\/div>\n<p><span class=\"wpcf7-form-control-wrap your-name\"><input type=\"text\" name=\"your-name\" value=\"\" size=\"40\" class=\"wpcf7-form-control wpcf7-text wpcf7-validates-as-required comm-field\" aria-required=\"true\" aria-invalid=\"false\" placeholder=\"Nom\" \/><\/span><\/p>\n<p><span class=\"wpcf7-form-control-wrap your-email\"><input type=\"email\" name=\"your-email\" value=\"\" size=\"40\" class=\"wpcf7-form-control wpcf7-text wpcf7-email wpcf7-validates-as-required wpcf7-validates-as-email comm-field\" aria-required=\"true\" aria-invalid=\"false\" placeholder=\"Email\" \/><\/span><\/p>\n<p><span class=\"wpcf7-form-control-wrap your-phone\"><input type=\"text\" name=\"your-phone\" value=\"\" size=\"40\" class=\"wpcf7-form-control wpcf7-text comm-field\" aria-invalid=\"false\" placeholder=\"Tel\u00e8fon\" \/><\/span><\/p>\n<p><span class=\"wpcf7-form-control-wrap your-message\"><textarea name=\"your-message\" cols=\"40\" rows=\"5\" class=\"wpcf7-form-control wpcf7-textarea wpcf7-validates-as-required\" id=\"msg-contact\" aria-required=\"true\" aria-invalid=\"false\" placeholder=\"Missatge\"><\/textarea><\/span><\/p>\n<p class=\"contact-btn\"><span><span class=\"wpcf7-form-control-wrap acceptance-279\"><span class=\"wpcf7-form-control wpcf7-acceptance\"><span class=\"wpcf7-list-item\"><input type=\"checkbox\" name=\"acceptance-279\" value=\"1\" aria-invalid=\"false\" \/><\/span><\/span><\/span> Accepto <a target=\"_blank\" rel=\"nofollow noopener noreferrer\" href=\"\/index.php\/avisos-legales\">l'av\u00eds legal<\/a> i la <a target=\"_blank\" rel=\"nofollow noopener noreferrer\" href=\"\/index.php\/politica-de-privacidad\">politica de Privacitat<\/a>.<\/span><br><br><input type=\"submit\" value=\"Enviar\" class=\"wpcf7-form-control wpcf7-submit\" id=\"submit-contact\" \/><\/p>\n<div class=\"wpcf7-response-output wpcf7-display-none\"><\/div><\/form><\/div>\n","protected":false},"excerpt":{"rendered":"<p>Benvinguts La Masia de la Xesca Portem anys donant de menjar cuina tradicional als nostres clients en el centre de Badalona. Celebrem tot tipus d\u2019esdeveniments en els nostres salons, per a la fam\u00edlia, amics i negoci.Gaudeix del menjar i d&#8217;una estona agradable amb nosaltres.Vine al nostre restaurant i ser\u00e0s tractat com un amic, no com un client. Com arribar Una&#8230;<\/p>\n","protected":false},"author":1,"featured_media":0,"parent":0,"menu_order":0,"comment_status":"closed","ping_status":"closed","template":"my-templates\/template-home.php","meta":{"footnotes":""},"class_list":["post-588","page","type-page","status-publish","hentry"],"_links":{"self":[{"href":"https:\/\/www.lamasiadelaxesca.com\/index.php\/wp-json\/wp\/v2\/pages\/588","targetHints":{"allow":["GET"]}}],"collection":[{"href":"https:\/\/www.lamasiadelaxesca.com\/index.php\/wp-json\/wp\/v2\/pages"}],"about":[{"href":"https:\/\/www.lamasiadelaxesca.com\/index.php\/wp-json\/wp\/v2\/types\/page"}],"author":[{"embeddable":true,"href":"https:\/\/www.lamasiadelaxesca.com\/index.php\/wp-json\/wp\/v2\/users\/1"}],"replies":[{"embeddable":true,"href":"https:\/\/www.lamasiadelaxesca.com\/index.php\/wp-json\/wp\/v2\/comments?post=588"}],"version-history":[{"count":20,"href":"https:\/\/www.lamasiadelaxesca.com\/index.php\/wp-json\/wp\/v2\/pages\/588\/revisions"}],"predecessor-version":[{"id":1369,"href":"https:\/\/www.lamasiadelaxesca.com\/index.php\/wp-json\/wp\/v2\/pages\/588\/revisions\/1369"}],"wp:attachment":[{"href":"https:\/\/www.lamasiadelaxesca.com\/index.php\/wp-json\/wp\/v2\/media?parent=588"}],"curies":[{"name":"wp","href":"https:\/\/api.w.org\/{rel}","templated":true}]}}