{"id":1109,"date":"2018-07-04T08:29:18","date_gmt":"2018-07-04T08:29:18","guid":{"rendered":"https:\/\/temp.lamasiadelaxesca.com\/?page_id=1109"},"modified":"2023-10-10T11:16:10","modified_gmt":"2023-10-10T11:16:10","slug":"menu-per-a-grups","status":"publish","type":"page","link":"https:\/\/www.lamasiadelaxesca.com\/index.php\/menu-per-a-grups\/","title":{"rendered":"Men\u00fa per a grups"},"content":{"rendered":"<p>MEN\u00daS<\/p>\n<h2>Men\u00fas per a grups<\/h2>\n<p><strong>Men\u00fas per salons privats i celebracions consultar.<\/strong><\/p>\n<h6 style=\"text-align: center;\"><em><br \/>* Men\u00fas fins 30 persones. M\u00e9s de 30 consultar<\/em><\/h6>\n<figure class='gallery-item'>\n\t\t\t\t<a data-elementor-open-lightbox=\"default\" data-elementor-lightbox-slideshow=\"ea7cbf6\" href='https:\/\/www.lamasiadelaxesca.com\/wp-content\/uploads\/2018\/10\/14.jpg'><img loading=\"lazy\" decoding=\"async\" width=\"640\" height=\"480\" src=\"https:\/\/www.lamasiadelaxesca.com\/wp-content\/uploads\/2018\/10\/14.jpg\" alt=\"\" srcset=\"https:\/\/www.lamasiadelaxesca.com\/wp-content\/uploads\/2018\/10\/14.jpg 640w, https:\/\/www.lamasiadelaxesca.com\/wp-content\/uploads\/2018\/10\/14-300x225.jpg 300w\" sizes=\"auto, (max-width: 640px) 100vw, 640px\" \/><\/a><br \/>\n\t\t\t<\/figure>\n<figure class='gallery-item'>\n\t\t\t\t<a data-elementor-open-lightbox=\"default\" data-elementor-lightbox-slideshow=\"ea7cbf6\" href='https:\/\/www.lamasiadelaxesca.com\/wp-content\/uploads\/2018\/10\/19667500_1883812798502188_9048249958739625135_o.jpg'><img loading=\"lazy\" decoding=\"async\" width=\"1024\" height=\"768\" src=\"https:\/\/www.lamasiadelaxesca.com\/wp-content\/uploads\/2018\/10\/19667500_1883812798502188_9048249958739625135_o-1024x768.jpg\" alt=\"\" srcset=\"https:\/\/www.lamasiadelaxesca.com\/wp-content\/uploads\/2018\/10\/19667500_1883812798502188_9048249958739625135_o.jpg 1024w, https:\/\/www.lamasiadelaxesca.com\/wp-content\/uploads\/2018\/10\/19667500_1883812798502188_9048249958739625135_o-300x225.jpg 300w, https:\/\/www.lamasiadelaxesca.com\/wp-content\/uploads\/2018\/10\/19667500_1883812798502188_9048249958739625135_o-768x576.jpg 768w\" sizes=\"auto, (max-width: 1024px) 100vw, 1024px\" \/><\/a><br \/>\n\t\t\t<\/figure>\n<figure class='gallery-item'>\n\t\t\t\t<a data-elementor-open-lightbox=\"default\" data-elementor-lightbox-slideshow=\"ea7cbf6\" href='https:\/\/www.lamasiadelaxesca.com\/wp-content\/uploads\/2018\/10\/Xesca7.jpg'><img loading=\"lazy\" decoding=\"async\" width=\"640\" height=\"480\" src=\"https:\/\/www.lamasiadelaxesca.com\/wp-content\/uploads\/2018\/10\/Xesca7.jpg\" alt=\"\" srcset=\"https:\/\/www.lamasiadelaxesca.com\/wp-content\/uploads\/2018\/10\/Xesca7.jpg 640w, https:\/\/www.lamasiadelaxesca.com\/wp-content\/uploads\/2018\/10\/Xesca7-300x225.jpg 300w\" sizes=\"auto, (max-width: 640px) 100vw, 640px\" \/><\/a><br \/>\n\t\t\t<\/figure>\n<figure class='gallery-item'>\n\t\t\t\t<a data-elementor-open-lightbox=\"default\" data-elementor-lightbox-slideshow=\"ea7cbf6\" href='https:\/\/www.lamasiadelaxesca.com\/wp-content\/uploads\/2018\/10\/Xesca8.jpg'><img loading=\"lazy\" decoding=\"async\" width=\"640\" height=\"480\" src=\"https:\/\/www.lamasiadelaxesca.com\/wp-content\/uploads\/2018\/10\/Xesca8.jpg\" alt=\"\" srcset=\"https:\/\/www.lamasiadelaxesca.com\/wp-content\/uploads\/2018\/10\/Xesca8.jpg 640w, https:\/\/www.lamasiadelaxesca.com\/wp-content\/uploads\/2018\/10\/Xesca8-300x225.jpg 300w\" sizes=\"auto, (max-width: 640px) 100vw, 640px\" \/><\/a><br \/>\n\t\t\t<\/figure>\n<h4 style=\"text-align: center;\">Men\u00fa 2 (nom\u00e9s nits)<\/h4>\n<p><strong>De primer pica-pica (un plat cada 4 persones):<\/strong><\/p>\n<p>Mix de croquetes de &#8220;Encroqu\u00e9tame by Xesca&#8221;<br \/>Musclos a la marinera<br \/>Embotits de la Garriga\u00a0<\/p>\n<p>\u00a0<\/p>\n<p><strong>De segon (a escollir entre):<br \/><\/strong>Sipia a la planxa amb verduretes<br \/>Hamburguesa de secret ib\u00e8ric i ceba (200grs., carn tallada a m\u00e0) amb\u00a0\u00a0formatxa manxec i salsa de soja i mel<br \/>Secret ib\u00e8ric a la brasa amb &#8220;papas a lo pobre&#8221;<br \/>Mel\u00f2s de vedella amb patatas al caliu<br \/>Botifarra de poma i foie<br \/>Botifarra de formatge de cabra i nous<\/p>\n<p><strong>Postres<\/strong><strong>:<\/strong>Dos postres a escollir o pastis d&#8217;aniversaricaf\u00e9 i xupito\u00a0<strong>Begudes<\/strong><strong>:<\/strong>Aigua \u2013vi \u2013 refrescos (2 ampolles de vi cada 6 persones o 2 refrescos o cerveses per persona)\u00a0<\/p>\n<p style=\"text-align: center;\"><strong>Estem modificant el men\u00fa. Preu i plats a consultar.<br \/><\/strong><\/p>\n<p style=\"text-align: center;\"><em><u>Nota : Los grups de mes de 6 persones no es cobrar\u00e1 individualment<\/u><\/em><\/p>\n<p style=\"text-align: center;\"><strong>\u00a0<\/strong><\/p>\n<h4 style=\"text-align: center;\">Men\u00fa 3<\/h4>\n<p><strong>De primer pica-pica (un plat cada 4 persones):<\/strong><\/p>\n<p>Assortiment de croquetes de &#8220;Encroqu\u00e9tame by Xesca&#8221;<br \/>Pernil de gla al tall<br \/>Canal\u00f3 de pollastre de pag\u00e9s rostit amb bechamel i parmesano<br \/>Embotits de la Garriga<\/p>\n<p><strong>De segon (a escollir entre):<\/strong><\/p>\n<p>Filets de Llobarro a brasa verdures<br \/>Sipia a la planchaMel\u00f2s de vedella a la brasaSecret de porc ib\u00e9ric a la brasa amb \u201cPapas a lo pobre\u201d<br \/>Xai al forn cuinat a baixa temperatura amb reducci\u00f3 de vi d&#8217;Oporto, panses i pinyonsBotifarra de poma i foie a la brasaBotifarra de formatge de cabra i nous a la brasaBotifarra de roquefort a la brasa\u00a0<strong>Postres<\/strong><strong>:<\/strong>Dos postres a escollir o pastis d&#8217;aniversaricaf\u00e9 i xupito\u00a0<strong>Begudes<\/strong><strong>:<\/strong>Aigua \u2013vi \u2013 refrescos (2 ampolles de vi cada 6 persones o 2 refrescos o cerveses per persona)<\/p>\n<p style=\"text-align: center;\">\u00a0<\/p>\n<p style=\"text-align: center;\"><strong>Estem modificant el men\u00fa. Preu i plats a consultar.<\/strong><\/p>\n<p style=\"text-align: center;\"><strong><em><u>Nota<\/u><\/em><\/strong><em><u>:Los grups de mes de 6 persones no es cobrar\u00e1\u00a0 individualment<\/u><\/em><\/p>\n<h4 style=\"text-align: center;\">Men\u00fa 4<\/h4>\n<p><strong>De primer (un plat cada 4 persones):<\/strong><\/p>\n<p>Assortiment de croquetes d&#8217;Encroquetame by Xesca<br \/>Pernil de gla al tall<br \/>Musclos a la marinera\u00a0<br \/>Canal\u00f3 de pollastre rostit amb bechamel trufada i parmesa<\/p>\n<p>\u00a0<strong>De segon (a escollir entre):<\/strong><br \/>Llom de bacalla confinat, a la empurdanesa<br \/>Llobarro, o peix del dia a la brasa amb verduretes<br \/>Secret de por ib\u00e8ric a la brasa amb patates a lo pobre<br \/>Xai al forn cuit a baixa temperatura amb reducci\u00f3 d&#8217;Oporto, panses i ametlles<br \/>Entrecot de vedella a la brasa\u00a0<strong>Postres:<\/strong>\u00a0Dos postres a escollir o pastis d&#8217;aniversari\u00a0Aigua, vi, refrescos i copa de cava\u00a0caf\u00e9 i xupito\u00a0<strong>Begudes<\/strong><strong>:<\/strong>Aigua \u2013vi \u2013 refrescos (2 ampolles de vi cada 6 persones o 2 refrescos o cerveses per persona)\u00a0<\/p>\n<p style=\"text-align: center;\"><strong>Estem modificant el men\u00fa. Preu i plats a consultar.<\/strong><\/p>\n<p style=\"text-align: center;\"><em><u>\u00a0<strong>Nota<\/strong>:Los grups de m\u00e9s de 6 persones no es cobrar\u00e1 individualment<\/u><\/em><\/p>\n<h4 style=\"text-align: center;\">Men\u00fa Mas\u00eda<\/h4>\n<p><strong>De primer pica-pica(un plat cada 4 persones):<\/strong><\/p>\n<p>Assortiment de pat\u00e9s\u00a0<br \/>Torrada d&#8217;escalivada amb anxoves<br \/>Embotits ib\u00e8ric<br \/>Pinya amb pernil ib\u00e9ric<br \/><strong><br \/>De segon (a escollir entre):<\/strong><\/p>\n<p>Secret ib\u00e8ric\u00a0<br \/>Entrecot de vedella de Girona a la brasa<br \/>Rod\u00f3 de Xai a baixa temperatura sobre emulsi\u00f3 de moniato<br \/>Peix del dia (llobarro etc..)<br \/>Sipia a la planxa\u00a0\u00a0<strong>Postres:<\/strong><br \/>Tres a escollir opast\u00eds celebraci\u00f3\u00a0vi,aigua, refescos, cava brut naturecaf\u00e9 i xupito (poma, mel\u00f3\u00a0 o crema catalana)\u00a0<\/p>\n<p style=\"text-align: center;\"><strong>Estem modificant el men\u00fa. Preu i plats a consultar.<\/strong><\/p>\n<h4 style=\"text-align: center;\">Men\u00fa Catal\u00e1n<\/h4>\n<p><strong>De primer pica-pica (un plat cada 4 persones):<\/strong><\/p>\n<p>Assortiment de pat\u00e9s<\/p>\n<p>Torrada d&#8217;escalivada amb anxoves<br \/>Croquetes de pernil ib\u00e8ric (caseres)<br \/>Embotits de la Garriga<\/p>\n<p><strong>De segon:<\/strong><br \/>Graellada de carn (amb patates i mongetes) (pollastre, butifarra, xai, xurrasco, conill)<\/p>\n<p><strong><br \/>Postres:<\/strong><br \/>Tres a escollir opast\u00eds celebraci\u00f3\u00a0vi,aigua, refescos, cava brut naturecaf\u00e9 i xupito (poma, mel\u00f3\u00a0 o crema catalana)\u00a0<\/p>\n<p style=\"text-align: center;\"><strong>Estem modificant el men\u00fa. Preu i plats a consultar.<\/strong><\/p>\n","protected":false},"excerpt":{"rendered":"<p>MEN\u00daS Men\u00fas per a grups Men\u00fas per salons privats i celebracions consultar. * Men\u00fas fins 30 persones. M\u00e9s de 30 consultar Men\u00fa 2 (nom\u00e9s nits) De primer pica-pica (un plat cada 4 persones): Mix de croquetes de &#8220;Encroqu\u00e9tame by Xesca&#8221;Musclos a la marineraEmbotits de la Garriga\u00a0 \u00a0 De segon (a escollir entre):Sipia a la planxa amb verduretesHamburguesa de secret ib\u00e8ric&#8230;<\/p>\n","protected":false},"author":1,"featured_media":1110,"parent":0,"menu_order":0,"comment_status":"closed","ping_status":"closed","template":"my-templates\/template-fullwidth.php","meta":{"footnotes":""},"class_list":["post-1109","page","type-page","status-publish","has-post-thumbnail","hentry"],"_links":{"self":[{"href":"https:\/\/www.lamasiadelaxesca.com\/index.php\/wp-json\/wp\/v2\/pages\/1109","targetHints":{"allow":["GET"]}}],"collection":[{"href":"https:\/\/www.lamasiadelaxesca.com\/index.php\/wp-json\/wp\/v2\/pages"}],"about":[{"href":"https:\/\/www.lamasiadelaxesca.com\/index.php\/wp-json\/wp\/v2\/types\/page"}],"author":[{"embeddable":true,"href":"https:\/\/www.lamasiadelaxesca.com\/index.php\/wp-json\/wp\/v2\/users\/1"}],"replies":[{"embeddable":true,"href":"https:\/\/www.lamasiadelaxesca.com\/index.php\/wp-json\/wp\/v2\/comments?post=1109"}],"version-history":[{"count":31,"href":"https:\/\/www.lamasiadelaxesca.com\/index.php\/wp-json\/wp\/v2\/pages\/1109\/revisions"}],"predecessor-version":[{"id":44207,"href":"https:\/\/www.lamasiadelaxesca.com\/index.php\/wp-json\/wp\/v2\/pages\/1109\/revisions\/44207"}],"wp:featuredmedia":[{"embeddable":true,"href":"https:\/\/www.lamasiadelaxesca.com\/index.php\/wp-json\/wp\/v2\/media\/1110"}],"wp:attachment":[{"href":"https:\/\/www.lamasiadelaxesca.com\/index.php\/wp-json\/wp\/v2\/media?parent=1109"}],"curies":[{"name":"wp","href":"https:\/\/api.w.org\/{rel}","templated":true}]}}