{"id":1100,"date":"2018-07-04T08:00:15","date_gmt":"2018-07-04T08:00:15","guid":{"rendered":"https:\/\/temp.lamasiadelaxesca.com\/?page_id=1100"},"modified":"2026-03-10T13:05:24","modified_gmt":"2026-03-10T13:05:24","slug":"menu-del-dia","status":"publish","type":"page","link":"https:\/\/www.lamasiadelaxesca.com\/index.php\/menu-del-dia\/","title":{"rendered":"Men\u00fa del dia"},"content":{"rendered":"<p>MEN\u00daS<\/p>\n<h2>Men\u00fa del dia<\/h2>\n<p><strong>4 primers (a escollir) + <\/strong><strong>Segons (a escollir)<\/strong><\/p>\n<p>Pa, beguda, amanida i postre<\/p>\n<p><strong style=\"color: #bd935f;\">16.95\u20ac IVA Incl\u00f2s<br \/><\/strong>(De dilluns a divendres &#8211; Excepte festius)<\/p>\n<h2>Men\u00fa executiu<\/h2>\n<p><strong>6 primers (a escollir) +\u00a0<\/strong><strong>Segons (a escollir)<\/strong><\/p>\n<p>Pa, beguda, amanida i postre<\/p>\n<p><strong style=\"color: #bd935f;\">23.15\u20ac IVA Incl\u00f2s<br \/><\/strong>(De dilluns a divendres &#8211; Excepte festius)<\/p>\n<p>\u00a0<\/p>\n<p><strong style=\"color: #bd935f;\">El men\u00fa que se muestra puede no corresponder al del d\u00eda actual. Cons\u00faltanos.\u00a0<\/strong><\/p>\n<p><a href=\"\/menus\/menudeldia.pdf\">Veure men\u00fa en PDF<\/a><\/p>\n<figure class='gallery-item'>\n\t\t\t\t<a data-elementor-open-lightbox=\"default\" data-elementor-lightbox-slideshow=\"8cd96a2\" href='https:\/\/www.lamasiadelaxesca.com\/wp-content\/uploads\/2018\/07\/1533871_1547454425471362_646969618076919937_n.jpg'><img width=\"640\" height=\"480\" src=\"https:\/\/www.lamasiadelaxesca.com\/wp-content\/uploads\/2018\/07\/1533871_1547454425471362_646969618076919937_n.jpg\" alt=\"\" decoding=\"async\" loading=\"lazy\" srcset=\"https:\/\/www.lamasiadelaxesca.com\/wp-content\/uploads\/2018\/07\/1533871_1547454425471362_646969618076919937_n.jpg 640w, https:\/\/www.lamasiadelaxesca.com\/wp-content\/uploads\/2018\/07\/1533871_1547454425471362_646969618076919937_n-300x225.jpg 300w\" sizes=\"auto, (max-width: 640px) 100vw, 640px\" \/><\/a><br \/>\n\t\t\t<\/figure>\n<figure class='gallery-item'>\n\t\t\t\t<a data-elementor-open-lightbox=\"default\" data-elementor-lightbox-slideshow=\"8cd96a2\" href='https:\/\/www.lamasiadelaxesca.com\/wp-content\/uploads\/2018\/10\/xesca1.jpg'><img width=\"640\" height=\"480\" src=\"https:\/\/www.lamasiadelaxesca.com\/wp-content\/uploads\/2018\/10\/xesca1.jpg\" alt=\"\" decoding=\"async\" loading=\"lazy\" srcset=\"https:\/\/www.lamasiadelaxesca.com\/wp-content\/uploads\/2018\/10\/xesca1.jpg 640w, https:\/\/www.lamasiadelaxesca.com\/wp-content\/uploads\/2018\/10\/xesca1-300x225.jpg 300w\" sizes=\"auto, (max-width: 640px) 100vw, 640px\" \/><\/a><br \/>\n\t\t\t<\/figure>\n<figure class='gallery-item'>\n\t\t\t\t<a data-elementor-open-lightbox=\"default\" data-elementor-lightbox-slideshow=\"8cd96a2\" href='https:\/\/www.lamasiadelaxesca.com\/wp-content\/uploads\/2018\/07\/1623744_1582486548634816_2539307546653591874_n.jpg'><img width=\"640\" height=\"480\" src=\"https:\/\/www.lamasiadelaxesca.com\/wp-content\/uploads\/2018\/07\/1623744_1582486548634816_2539307546653591874_n.jpg\" alt=\"\" decoding=\"async\" loading=\"lazy\" srcset=\"https:\/\/www.lamasiadelaxesca.com\/wp-content\/uploads\/2018\/07\/1623744_1582486548634816_2539307546653591874_n.jpg 640w, https:\/\/www.lamasiadelaxesca.com\/wp-content\/uploads\/2018\/07\/1623744_1582486548634816_2539307546653591874_n-300x225.jpg 300w\" sizes=\"auto, (max-width: 640px) 100vw, 640px\" \/><\/a><br \/>\n\t\t\t<\/figure>\n<figure class='gallery-item'>\n\t\t\t\t<a data-elementor-open-lightbox=\"default\" data-elementor-lightbox-slideshow=\"8cd96a2\" href='https:\/\/www.lamasiadelaxesca.com\/wp-content\/uploads\/2018\/07\/1599507_1546492445567560_545008535476872043_o.jpg'><img width=\"768\" height=\"576\" src=\"https:\/\/www.lamasiadelaxesca.com\/wp-content\/uploads\/2018\/07\/1599507_1546492445567560_545008535476872043_o-768x576.jpg\" alt=\"\" decoding=\"async\" loading=\"lazy\" srcset=\"https:\/\/www.lamasiadelaxesca.com\/wp-content\/uploads\/2018\/07\/1599507_1546492445567560_545008535476872043_o-768x576.jpg 768w, https:\/\/www.lamasiadelaxesca.com\/wp-content\/uploads\/2018\/07\/1599507_1546492445567560_545008535476872043_o-300x225.jpg 300w, https:\/\/www.lamasiadelaxesca.com\/wp-content\/uploads\/2018\/07\/1599507_1546492445567560_545008535476872043_o-1024x768.jpg 1024w, https:\/\/www.lamasiadelaxesca.com\/wp-content\/uploads\/2018\/07\/1599507_1546492445567560_545008535476872043_o.jpg 1280w\" sizes=\"auto, (max-width: 768px) 100vw, 768px\" \/><\/a><br \/>\n\t\t\t<\/figure>\n<figure class='gallery-item'>\n\t\t\t\t<a data-elementor-open-lightbox=\"default\" data-elementor-lightbox-slideshow=\"8cd96a2\" href='https:\/\/www.lamasiadelaxesca.com\/wp-content\/uploads\/2018\/10\/Xesca2.jpg'><img width=\"640\" height=\"480\" src=\"https:\/\/www.lamasiadelaxesca.com\/wp-content\/uploads\/2018\/10\/Xesca2.jpg\" alt=\"\" decoding=\"async\" loading=\"lazy\" srcset=\"https:\/\/www.lamasiadelaxesca.com\/wp-content\/uploads\/2018\/10\/Xesca2.jpg 640w, https:\/\/www.lamasiadelaxesca.com\/wp-content\/uploads\/2018\/10\/Xesca2-300x225.jpg 300w\" sizes=\"auto, (max-width: 640px) 100vw, 640px\" \/><\/a><br \/>\n\t\t\t<\/figure>\n<figure class='gallery-item'>\n\t\t\t\t<a data-elementor-open-lightbox=\"default\" data-elementor-lightbox-slideshow=\"8cd96a2\" href='https:\/\/www.lamasiadelaxesca.com\/wp-content\/uploads\/2018\/10\/Xesca3.jpg'><img width=\"640\" height=\"480\" src=\"https:\/\/www.lamasiadelaxesca.com\/wp-content\/uploads\/2018\/10\/Xesca3.jpg\" alt=\"\" decoding=\"async\" loading=\"lazy\" srcset=\"https:\/\/www.lamasiadelaxesca.com\/wp-content\/uploads\/2018\/10\/Xesca3.jpg 640w, https:\/\/www.lamasiadelaxesca.com\/wp-content\/uploads\/2018\/10\/Xesca3-300x225.jpg 300w\" sizes=\"auto, (max-width: 640px) 100vw, 640px\" \/><\/a><br \/>\n\t\t\t<\/figure>\n","protected":false},"excerpt":{"rendered":"<p>MEN\u00daS Men\u00fa del dia 4 primers (a escollir) + Segons (a escollir) Pa, beguda, amanida i postre 16.95\u20ac IVA Incl\u00f2s(De dilluns a divendres &#8211; Excepte festius) Men\u00fa executiu 6 primers (a escollir) +\u00a0Segons (a escollir) Pa, beguda, amanida i postre 23.15\u20ac IVA Incl\u00f2s(De dilluns a divendres &#8211; Excepte festius) \u00a0 El men\u00fa que se muestra puede no corresponder al del&#8230;<\/p>\n","protected":false},"author":1,"featured_media":1102,"parent":0,"menu_order":0,"comment_status":"closed","ping_status":"closed","template":"my-templates\/template-fullwidth.php","meta":{"footnotes":""},"class_list":["post-1100","page","type-page","status-publish","has-post-thumbnail","hentry"],"_links":{"self":[{"href":"https:\/\/www.lamasiadelaxesca.com\/index.php\/wp-json\/wp\/v2\/pages\/1100","targetHints":{"allow":["GET"]}}],"collection":[{"href":"https:\/\/www.lamasiadelaxesca.com\/index.php\/wp-json\/wp\/v2\/pages"}],"about":[{"href":"https:\/\/www.lamasiadelaxesca.com\/index.php\/wp-json\/wp\/v2\/types\/page"}],"author":[{"embeddable":true,"href":"https:\/\/www.lamasiadelaxesca.com\/index.php\/wp-json\/wp\/v2\/users\/1"}],"replies":[{"embeddable":true,"href":"https:\/\/www.lamasiadelaxesca.com\/index.php\/wp-json\/wp\/v2\/comments?post=1100"}],"version-history":[{"count":12,"href":"https:\/\/www.lamasiadelaxesca.com\/index.php\/wp-json\/wp\/v2\/pages\/1100\/revisions"}],"predecessor-version":[{"id":66118,"href":"https:\/\/www.lamasiadelaxesca.com\/index.php\/wp-json\/wp\/v2\/pages\/1100\/revisions\/66118"}],"wp:featuredmedia":[{"embeddable":true,"href":"https:\/\/www.lamasiadelaxesca.com\/index.php\/wp-json\/wp\/v2\/media\/1102"}],"wp:attachment":[{"href":"https:\/\/www.lamasiadelaxesca.com\/index.php\/wp-json\/wp\/v2\/media?parent=1100"}],"curies":[{"name":"wp","href":"https:\/\/api.w.org\/{rel}","templated":true}]}}