{"id":1085,"date":"2018-07-04T07:25:54","date_gmt":"2018-07-04T07:25:54","guid":{"rendered":"https:\/\/temp.lamasiadelaxesca.com\/?page_id=1085"},"modified":"2023-10-10T11:12:42","modified_gmt":"2023-10-10T11:12:42","slug":"carta","status":"publish","type":"page","link":"https:\/\/www.lamasiadelaxesca.com\/index.php\/carta\/","title":{"rendered":"Carta"},"content":{"rendered":"<p>Carta<\/p>\n<h2>Carta de plats<\/h2>\n<p>\t\t\t\t\t\t\t\t\t\t\t\tAMANIDES I SOPES\t\t\t\t\t<\/p>\n<ul>\n<li>\n<h4>Amanida &#8220;La Mas\u00eda&#8221; <br \/><\/h4>\n<p>Ensalada &#8220;La Mas\u00eda&#8221;<\/li>\n<li>\n<h4>Graellada de verdures amb Romesco<\/h4>\n<p>Parrillada de verduras con romesco<\/li>\n<li>\n<h4>Amanida de llagostins amb tom\u00e0quet natural i bouquet de enciams\u00a0<br \/><\/h4>\n<p>Ensalada de langostinos con tomate natural y bouquet de ensaladas<\/li>\n<li>\n<h4>Amanida de Bacall\u00e0, llagostins i esp\u00e0rrecs <br \/><\/h4>\n<p>Ensalada de bacalao, langostinos y esp\u00e1rragos<\/li>\n<li>\n<h4>Escalivada\u00a0<\/h4>\n<p>Escalibada<\/li>\n<li style=\"border: 0px solid;\">\n<h4>Sopa de galets\u00a0<br \/><\/h4>\n<p>Sopa de galets<\/li>\n<li>\n<h4>Sopa de peix\u00a0<\/h4>\n<p>Sopa de pescado<\/li>\n<li>\n<h4>Rissoto d&#8217;arr\u00f2s negre amb gambes i calamarsets <br \/><\/h4>\n<p>Risotto de arroz negro con gambas y calamarcitos<\/li>\n<li>\n<h4>Arr\u00f2s cald\u00f3s amb llam\u00e0ntol\u00a0<br \/><\/h4>\n<p>Arroz caldoso con Bogavante (min. 2 pers &#8211; preu per persona)<\/li>\n<li>\n<h4>Paella marinera (min 2 personas)\u00a0<br \/><\/h4>\n<p>Paella marinera<\/li>\n<li>\n<h4>Paella mixta (min 2 personas)\u00a0<br \/><\/h4>\n<p>Paella Mixta<\/li>\n<\/ul>\n<p>\t\t\t\t\t\t\t\t\t\t\t\tENTRANTS\t\t\t\t\t<\/p>\n<ul>\n<li>\n<h4>Assortit de Pat\u00e9s\u00a0<br \/><\/h4>\n<p>Surtido de pat\u00e9s<\/li>\n<li>\n<h4>Assortit de formatges\u00a0<\/h4>\n<p>Surtido de quesos<\/li>\n<li>\n<h4>Assortit d&#8217;ib\u00e8rics\u00a0<br \/><\/h4>\n<p>Surtido de ib\u00e9ricos<\/li>\n<li>\n<h4>Pernil de Guijuelo\u00a0<br \/><\/h4>\n<p>Jam\u00f3n de Quijuelo<\/li>\n<li>\n<h4>Torrada de pernil de Guijuelo\u00a0<\/h4>\n<p>Tostada con jam\u00f3n de Guijuelo<\/li>\n<li>\n<h4>Torrada d&#8217;anxoves i escalivada\u00a0<br \/><\/h4>\n<p>Tostada de anchoas y escalibada<\/li>\n<\/ul>\n<p>\t\t\t\t\t\t\t\t\t\t\t\tPASTES\t\t\t\t\t<\/p>\n<ul>\n<li>\n<h4>Canelons Cassolans <br \/><\/h4>\n<p>Canelones caseros<\/li>\n<li>\n<h4>Spaguettis &#8220;Matrichiana&#8221;\u00a0<br \/><\/h4>\n<p>Sofrito de tomate, bacon y or\u00e9gano<\/li>\n<li>\n<h4>Spaguettis a la carbonara o bolonyesa <br \/><\/h4>\n<p>Rigattonis a la carbonera o bolo\u00f1esa<\/li>\n<li>\n<h4>Macarrons gratinats <br \/><\/h4>\n<p>Macarrones gratinados <\/li>\n<\/ul>\n<p>\t\t\t\t\t\t\t\t\t\t\t\tNOSTRA BRASA\t\t\t\t\t<\/p>\n<ul>\n<li>\n<h4>Pollastre a la brasa\u00a0<\/h4>\n<p>Pollo a la brasa<\/li>\n<li>\n<h4>Conill a la brasa\u00a0<br \/><\/h4>\n<p>Conejo a la brasa<\/li>\n<li>\n<h4>Botifarra amb secas\u00a0<br \/><\/h4>\n<p>Butifarra con jud\u00edas<\/li>\n<li>\n<h4>Xai a la brasa <br \/><\/h4>\n<p>Cordero a la brasa<\/li>\n<li>\n<h4>Secret ib\u00e8ric a la brasa amb &#8220;papas a lo pobre&#8221;\u00a0<br \/><\/h4>\n<p>Secreto ib\u00e9rico con patatas a lo pobre<\/li>\n<li>\n<h4>Entrecot de vedella <br \/><\/h4>\n<p>Entrecot de ternera<\/li>\n<li>\n<h4>Filet de vedella\u00a0<br \/><\/h4>\n<p>Solomillo de ternera<\/li>\n<li style=\"border: 0px solid;\">\n<h4>Cuixa de cabrit\u00a0\u00a0<\/h4>\n<p>Pierna de cabrito<\/li>\n<li>\n<h4>Espatlla de cabrit\u00a0<br \/><\/h4>\n<p>Espaldita de cabrito<\/li>\n<li>\n<h4>Entrecot al roquefort o pevre verd\u00a0<br \/><\/h4>\n<p>Entrecot al Roquefort o pimienta verde<\/li>\n<li>\n<h4>Filet al roquefort o pebre verd\u00a0<br \/><\/h4>\n<p>Solomillo al roquefort o pimienta verde<\/li>\n<li>\n<h4>Cabrit arrebossat <br \/><\/h4>\n<p>Cabrito rebozado<\/li>\n<li>\n<h4>Mel\u00f3s de carn de cavall a la brasa <br \/><\/h4>\n<p>Meloso de carne de caballo<\/li>\n<li>\n<h4>Entrecot de Nebraska (black angus)\u00a0<br \/><\/h4>\n<p>Entrecot de Nebraska<\/li>\n<li style=\"visibility: hidden;\">\n<h4>Entrecot de Nebraska (black angus)\u00a025,10\u20ac<\/h4>\n<p>Entrecot de Nebraska<\/li>\n<\/ul>\n<p>\t\t\t\t\t\t\t\t\t\t\t\tNOSTRE PEIX\t\t\t\t\t<\/p>\n<ul>\n<li>\n<h4>Rap a la planxa\u00a0<\/h4>\n<p>Rape a la plancha<\/li>\n<li>\n<h4>Rap al all i oli <br \/><\/h4>\n<p>Rape al all i oli<\/li>\n<li>\n<h4>Rap al suquet de pescadors <br \/><\/h4>\n<p>Rape en salsa de pescadores<\/li>\n<li style=\"border-bottom: 0px;\">\n<h4>Rap a la &#8220;Xesca&#8221; amb llagostins, suquet i all i oli <br \/><\/h4>\n<p>Rape al horno con langostinos, marinera y all i oli<\/li>\n<li>\n<h4>Bacall\u00e0 al all i oli\u00a0<br \/><\/h4>\n<p>Bacalao al all i oli<\/li>\n<li>\n<h4>Bacall\u00e0 a la llauna\u00a0<br \/><\/h4>\n<p>Bacalao a la lata<\/li>\n<li>\n<h4>Sipia a la planxa\u00a0<\/h4>\n<p>Sepia a la plancha<\/li>\n<\/ul>\n<p style=\"text-align: center;\"><a href=\"\/menus\/Cartamasia.pdf\">Veure carta en PDF<\/a><\/p>\n<p style=\"text-align: center;\">* IVA No incl\u00f2s<\/p>\n","protected":false},"excerpt":{"rendered":"<p>Carta Carta de plats AMANIDES I SOPES Amanida &#8220;La Mas\u00eda&#8221; Ensalada &#8220;La Mas\u00eda&#8221; Graellada de verdures amb Romesco Parrillada de verduras con romesco Amanida de llagostins amb tom\u00e0quet natural i bouquet de enciams\u00a0 Ensalada de langostinos con tomate natural y bouquet de ensaladas Amanida de Bacall\u00e0, llagostins i esp\u00e0rrecs Ensalada de bacalao, langostinos y esp\u00e1rragos Escalivada\u00a0 Escalibada Sopa de galets\u00a0&#8230;<\/p>\n","protected":false},"author":1,"featured_media":1020,"parent":0,"menu_order":0,"comment_status":"closed","ping_status":"closed","template":"my-templates\/template-fullwidth.php","meta":{"footnotes":""},"class_list":["post-1085","page","type-page","status-publish","has-post-thumbnail","hentry"],"_links":{"self":[{"href":"https:\/\/www.lamasiadelaxesca.com\/index.php\/wp-json\/wp\/v2\/pages\/1085","targetHints":{"allow":["GET"]}}],"collection":[{"href":"https:\/\/www.lamasiadelaxesca.com\/index.php\/wp-json\/wp\/v2\/pages"}],"about":[{"href":"https:\/\/www.lamasiadelaxesca.com\/index.php\/wp-json\/wp\/v2\/types\/page"}],"author":[{"embeddable":true,"href":"https:\/\/www.lamasiadelaxesca.com\/index.php\/wp-json\/wp\/v2\/users\/1"}],"replies":[{"embeddable":true,"href":"https:\/\/www.lamasiadelaxesca.com\/index.php\/wp-json\/wp\/v2\/comments?post=1085"}],"version-history":[{"count":16,"href":"https:\/\/www.lamasiadelaxesca.com\/index.php\/wp-json\/wp\/v2\/pages\/1085\/revisions"}],"predecessor-version":[{"id":44204,"href":"https:\/\/www.lamasiadelaxesca.com\/index.php\/wp-json\/wp\/v2\/pages\/1085\/revisions\/44204"}],"wp:featuredmedia":[{"embeddable":true,"href":"https:\/\/www.lamasiadelaxesca.com\/index.php\/wp-json\/wp\/v2\/media\/1020"}],"wp:attachment":[{"href":"https:\/\/www.lamasiadelaxesca.com\/index.php\/wp-json\/wp\/v2\/media?parent=1085"}],"curies":[{"name":"wp","href":"https:\/\/api.w.org\/{rel}","templated":true}]}}